{"id":3320,"date":"2023-04-20T09:42:01","date_gmt":"2023-04-20T09:42:01","guid":{"rendered":"https:\/\/realitytelling.com\/termes-i-condicions\/"},"modified":"2023-11-28T09:09:32","modified_gmt":"2023-11-28T09:09:32","slug":"termes-i-condicions","status":"publish","type":"page","link":"https:\/\/realitytelling.com\/ca\/termes-i-condicions\/","title":{"rendered":"Termes i condicions"},"content":{"rendered":"\t\t<div data-elementor-type=\"wp-page\" data-elementor-id=\"3320\" class=\"elementor elementor-3320 elementor-2553\">\n\t\t\t\t\t\t<section class=\"elementor-section elementor-top-section elementor-element elementor-element-1e7db6bf elementor-section-stretched elementor-section-content-middle elementor-section-boxed elementor-section-height-default elementor-section-height-default\" data-id=\"1e7db6bf\" data-element_type=\"section\" data-settings=\"{&quot;stretch_section&quot;:&quot;section-stretched&quot;,&quot;background_background&quot;:&quot;classic&quot;}\">\n\t\t\t\t\t\t\t<div class=\"elementor-background-overlay\"><\/div>\n\t\t\t\t\t\t\t<div class=\"elementor-container elementor-column-gap-wide\">\n\t\t\t\t\t<div class=\"elementor-column elementor-col-100 elementor-top-column elementor-element elementor-element-d3fe1cf\" data-id=\"d3fe1cf\" data-element_type=\"column\">\n\t\t\t<div class=\"elementor-widget-wrap elementor-element-populated\">\n\t\t\t\t\t\t<div class=\"elementor-element elementor-element-2367610f animated-slow elementor-widget__width-initial elementor-invisible elementor-widget elementor-widget-heading\" data-id=\"2367610f\" data-element_type=\"widget\" data-settings=\"{&quot;_animation&quot;:&quot;fadeIn&quot;}\" data-widget_type=\"heading.default\">\n\t\t\t\t<div class=\"elementor-widget-container\">\n\t\t\t<style>\/*! elementor - v3.23.0 - 05-08-2024 *\/\n.elementor-heading-title{padding:0;margin:0;line-height:1}.elementor-widget-heading .elementor-heading-title[class*=elementor-size-]>a{color:inherit;font-size:inherit;line-height:inherit}.elementor-widget-heading .elementor-heading-title.elementor-size-small{font-size:15px}.elementor-widget-heading .elementor-heading-title.elementor-size-medium{font-size:19px}.elementor-widget-heading .elementor-heading-title.elementor-size-large{font-size:29px}.elementor-widget-heading .elementor-heading-title.elementor-size-xl{font-size:39px}.elementor-widget-heading .elementor-heading-title.elementor-size-xxl{font-size:59px}<\/style><h1 class=\"elementor-heading-title elementor-size-default\">Termes i condicions<\/h1>\t\t<\/div>\n\t\t\t\t<\/div>\n\t\t\t\t\t<\/div>\n\t\t<\/div>\n\t\t\t\t\t<\/div>\n\t\t<\/section>\n\t\t\t\t<section class=\"elementor-section elementor-top-section elementor-element elementor-element-111e0c1 elementor-section-boxed elementor-section-height-default elementor-section-height-default\" data-id=\"111e0c1\" data-element_type=\"section\">\n\t\t\t\t\t\t<div class=\"elementor-container elementor-column-gap-default\">\n\t\t\t\t\t<div class=\"elementor-column elementor-col-100 elementor-top-column elementor-element elementor-element-0b9bd0b\" data-id=\"0b9bd0b\" data-element_type=\"column\">\n\t\t\t<div class=\"elementor-widget-wrap elementor-element-populated\">\n\t\t\t\t\t\t<div class=\"elementor-element elementor-element-0a9c2b5 elementor-widget elementor-widget-text-editor\" data-id=\"0a9c2b5\" data-element_type=\"widget\" data-widget_type=\"text-editor.default\">\n\t\t\t\t<div class=\"elementor-widget-container\">\n\t\t\t<style>\/*! elementor - v3.23.0 - 05-08-2024 *\/\n.elementor-widget-text-editor.elementor-drop-cap-view-stacked .elementor-drop-cap{background-color:#69727d;color:#fff}.elementor-widget-text-editor.elementor-drop-cap-view-framed .elementor-drop-cap{color:#69727d;border:3px solid;background-color:transparent}.elementor-widget-text-editor:not(.elementor-drop-cap-view-default) .elementor-drop-cap{margin-top:8px}.elementor-widget-text-editor:not(.elementor-drop-cap-view-default) .elementor-drop-cap-letter{width:1em;height:1em}.elementor-widget-text-editor .elementor-drop-cap{float:left;text-align:center;line-height:1;font-size:50px}.elementor-widget-text-editor .elementor-drop-cap-letter{display:inline-block}<\/style>\t\t\t\tREALITY TELLING SL (d&#8217;ara endavant REALITY TELLING), \u00e9s un lloc propietat de\nREALITY TELLING SL, empresa amb seu a Espa\u00f1a, que ho administra i actua com\ntitular del mateix.<\/br><\/br>\nMitjan\u00e7ant l&#8217;\u00fas del Lloc, que inclou visualitzar, descarregar informaci\u00f3 o accedir al\nLloc, els visitants es comprometen a acceptar i complir les condicions d\u00fas\nreflectides en aquest document. En cas de no acceptar-les o no complir-les, preguem no\nvisitin ni consultin informaci\u00f3 proporcionada pel Lloc.\t\t\t\t\t\t<\/div>\n\t\t\t\t<\/div>\n\t\t\t\t\t<\/div>\n\t\t<\/div>\n\t\t\t\t\t<\/div>\n\t\t<\/section>\n\t\t\t\t<section class=\"elementor-section elementor-top-section elementor-element elementor-element-2a364f4 elementor-section-boxed elementor-section-height-default elementor-section-height-default\" data-id=\"2a364f4\" data-element_type=\"section\">\n\t\t\t\t\t\t<div class=\"elementor-container elementor-column-gap-default\">\n\t\t\t\t\t<div class=\"elementor-column elementor-col-100 elementor-top-column elementor-element elementor-element-522287f\" data-id=\"522287f\" data-element_type=\"column\">\n\t\t\t<div class=\"elementor-widget-wrap elementor-element-populated\">\n\t\t\t\t\t\t<div class=\"elementor-element elementor-element-cfb2f36 elementor-widget__width-initial elementor-widget elementor-widget-heading\" data-id=\"cfb2f36\" data-element_type=\"widget\" data-widget_type=\"heading.default\">\n\t\t\t\t<div class=\"elementor-widget-container\">\n\t\t\t<h2 class=\"elementor-heading-title elementor-size-default\">Prop\u00f2sit de la web<\/h2>\t\t<\/div>\n\t\t\t\t<\/div>\n\t\t\t\t<div class=\"elementor-element elementor-element-8ce7ca2 elementor-widget elementor-widget-text-editor\" data-id=\"8ce7ca2\" data-element_type=\"widget\" data-widget_type=\"text-editor.default\">\n\t\t\t\t<div class=\"elementor-widget-container\">\n\t\t\t\t\t\t\tREALITY TELLING t\u00e9 la finalitat de donar a con\u00e8ixer els diferents serveis que\nofereix l&#8217;empresa i sobre els quals es pot consultar des dels diferents apartats\nde la web usant diversos elements d&#8217;Informaci\u00f3 creats a aquest efecte al Lloc aix\u00ed\ncom de difondre informaci\u00f3 rellevant sobre l&#8217;\u00fas de la Realitat Virtual al\nacompanyament a ter\u00e0pies en el marc de la Humanitzaci\u00f3.\n<\/br><\/br>Els elements d&#8217;informaci\u00f3 estan protegits per la legislaci\u00f3 aplicable a Espa\u00f1a.\t\t\t\t\t\t<\/div>\n\t\t\t\t<\/div>\n\t\t\t\t\t<\/div>\n\t\t<\/div>\n\t\t\t\t\t<\/div>\n\t\t<\/section>\n\t\t\t\t<section class=\"elementor-section elementor-top-section elementor-element elementor-element-f565ab7 elementor-section-boxed elementor-section-height-default elementor-section-height-default\" data-id=\"f565ab7\" data-element_type=\"section\">\n\t\t\t\t\t\t<div class=\"elementor-container elementor-column-gap-default\">\n\t\t\t\t\t<div class=\"elementor-column elementor-col-100 elementor-top-column elementor-element elementor-element-0fc0087\" data-id=\"0fc0087\" data-element_type=\"column\">\n\t\t\t<div class=\"elementor-widget-wrap elementor-element-populated\">\n\t\t\t\t\t\t<div class=\"elementor-element elementor-element-f3fff41 elementor-widget__width-initial elementor-widget elementor-widget-heading\" data-id=\"f3fff41\" data-element_type=\"widget\" data-widget_type=\"heading.default\">\n\t\t\t\t<div class=\"elementor-widget-container\">\n\t\t\t<h2 class=\"elementor-heading-title elementor-size-default\">Condicions d'\u00fas<\/h2>\t\t<\/div>\n\t\t\t\t<\/div>\n\t\t\t\t<div class=\"elementor-element elementor-element-620b193 elementor-widget elementor-widget-text-editor\" data-id=\"620b193\" data-element_type=\"widget\" data-widget_type=\"text-editor.default\">\n\t\t\t\t<div class=\"elementor-widget-container\">\n\t\t\t\t\t\t\t<p>L&#8217;usuari es compromet a fer un \u00fas l\u00edcit de REALITY TELLING i els seus continguts, de conformitat amb la Legislaci\u00f3 aplicable, aquestes Condicions Generals d&#8217;\u00das d&#8217;aquest lloc web, la moral i els bons costums generalment acceptats i l&#8217;ordre p\u00fablic. L&#8217;Usuari no podr\u00e0:<\/p>\n\t\t\t\t\t\t<\/div>\n\t\t\t\t<\/div>\n\t\t\t\t<div class=\"elementor-element elementor-element-e11206a elementor-widget__width-initial elementor-icon-list--layout-traditional elementor-list-item-link-full_width elementor-widget elementor-widget-icon-list\" data-id=\"e11206a\" data-element_type=\"widget\" data-widget_type=\"icon-list.default\">\n\t\t\t\t<div class=\"elementor-widget-container\">\n\t\t\t<link rel=\"stylesheet\" href=\"https:\/\/realitytelling.com\/wp-content\/plugins\/elementor\/assets\/css\/widget-icon-list.min.css\">\t\t<ul class=\"elementor-icon-list-items\">\n\t\t\t\t\t\t\t<li class=\"elementor-icon-list-item\">\n\t\t\t\t\t\t\t\t\t\t\t<span class=\"elementor-icon-list-icon\">\n\t\t\t\t\t\t\t<i aria-hidden=\"true\" class=\"fas fa-dot-circle\"><\/i>\t\t\t\t\t\t<\/span>\n\t\t\t\t\t\t\t\t\t\t<span class=\"elementor-icon-list-text\">Fer \u00fas no autoritzat o fraudulent del website i\/o dels continguts amb fins o efectes il\u00b7l\u00edcits.<\/span>\n\t\t\t\t\t\t\t\t\t<\/li>\n\t\t\t\t\t\t\t\t<li class=\"elementor-icon-list-item\">\n\t\t\t\t\t\t\t\t\t\t\t<span class=\"elementor-icon-list-icon\">\n\t\t\t\t\t\t\t<i aria-hidden=\"true\" class=\"fas fa-dot-circle\"><\/i>\t\t\t\t\t\t<\/span>\n\t\t\t\t\t\t\t\t\t\t<span class=\"elementor-icon-list-text\">Cedir a terceres empreses les claus d'acc\u00e9s al lloc que us hagi pogut oferir REALITY TELLING, excepte consentiment expr\u00e9s del titular del domini. Accedir o intentar accedir a recursos o \u00e0rees restringides del website, sense complir les condicions exigides per a aquest acc\u00e9s.<\/span>\n\t\t\t\t\t\t\t\t\t<\/li>\n\t\t\t\t\t\t\t\t<li class=\"elementor-icon-list-item\">\n\t\t\t\t\t\t\t\t\t\t\t<span class=\"elementor-icon-list-icon\">\n\t\t\t\t\t\t\t<i aria-hidden=\"true\" class=\"fas fa-dot-circle\"><\/i>\t\t\t\t\t\t<\/span>\n\t\t\t\t\t\t\t\t\t\t<span class=\"elementor-icon-list-text\">Introduir o difondre a la xarxa virus inform\u00e0tics o qualssevol altres sistemes f\u00edsics o l\u00f2gics susceptibles de provocar danys als sistemes f\u00edsics o l\u00f2gics de REALITY TELLING, dels seus prove\u00efdors o de tercers.<\/span>\n\t\t\t\t\t\t\t\t\t<\/li>\n\t\t\t\t\t\t\t\t<li class=\"elementor-icon-list-item\">\n\t\t\t\t\t\t\t\t\t\t\t<span class=\"elementor-icon-list-icon\">\n\t\t\t\t\t\t\t<i aria-hidden=\"true\" class=\"fas fa-dot-circle\"><\/i>\t\t\t\t\t\t<\/span>\n\t\t\t\t\t\t\t\t\t\t<span class=\"elementor-icon-list-text\">Intentar accedir, utilitzar i\/o manipular les dades del propietari del domini, tercers prove\u00efdors i altres usuaris.<\/span>\n\t\t\t\t\t\t\t\t\t<\/li>\n\t\t\t\t\t\t\t\t<li class=\"elementor-icon-list-item\">\n\t\t\t\t\t\t\t\t\t\t\t<span class=\"elementor-icon-list-icon\">\n\t\t\t\t\t\t\t<i aria-hidden=\"true\" class=\"fas fa-dot-circle\"><\/i>\t\t\t\t\t\t<\/span>\n\t\t\t\t\t\t\t\t\t\t<span class=\"elementor-icon-list-text\">Obtenir i intentar obtenir els continguts que ofereix REALITY TELLING fent servir mitjans o procediments diferents dels que, segons els casos, s'hagin posat a la seva disposici\u00f3 a aquest efecte.<\/span>\n\t\t\t\t\t\t\t\t\t<\/li>\n\t\t\t\t\t\t\t\t<li class=\"elementor-icon-list-item\">\n\t\t\t\t\t\t\t\t\t\t\t<span class=\"elementor-icon-list-icon\">\n\t\t\t\t\t\t\t<i aria-hidden=\"true\" class=\"fas fa-dot-circle\"><\/i>\t\t\t\t\t\t<\/span>\n\t\t\t\t\t\t\t\t\t\t<span class=\"elementor-icon-list-text\">Suprimir, ocultar o manipular les notes sobre drets de propietat intel\u00b7lectual o industrial i altres dades identificatives dels drets del titular del website o de tercers incorporats als continguts, aix\u00ed com els dispositius t\u00e8cnics de protecci\u00f3 o qualsevol mecanisme d'informaci\u00f3 que es pugui inserir en els Continguts.<\/span>\n\t\t\t\t\t\t\t\t\t<\/li>\n\t\t\t\t\t\t\t\t<li class=\"elementor-icon-list-item\">\n\t\t\t\t\t\t\t\t\t\t\t<span class=\"elementor-icon-list-icon\">\n\t\t\t\t\t\t\t<i aria-hidden=\"true\" class=\"fas fa-dot-circle\"><\/i>\t\t\t\t\t\t<\/span>\n\t\t\t\t\t\t\t\t\t\t<span class=\"elementor-icon-list-text\">L'usuari es compromet a no fer transaccions fraudulentes. S'adverteix que qualsevol indici que es tingui de frau ser\u00e0 posat en coneixement de les autoritats.<\/span>\n\t\t\t\t\t\t\t\t\t<\/li>\n\t\t\t\t\t\t\t\t<li class=\"elementor-icon-list-item\">\n\t\t\t\t\t\t\t\t\t\t\t<span class=\"elementor-icon-list-icon\">\n\t\t\t\t\t\t\t<i aria-hidden=\"true\" class=\"fas fa-dot-circle\"><\/i>\t\t\t\t\t\t<\/span>\n\t\t\t\t\t\t\t\t\t\t<span class=\"elementor-icon-list-text\">utilitzar, copiar, imprimir, reproduir parts dels Elements d'Informaci\u00f3 sense el consentiment previ del titular de REALITY TELLING, tant el Lloc com els Elements d'Informaci\u00f3 que facilita, sempre que no atempti contra les Condicions d'\u00das aqu\u00ed descrites.<\/span>\n\t\t\t\t\t\t\t\t\t<\/li>\n\t\t\t\t\t\t<\/ul>\n\t\t\t\t<\/div>\n\t\t\t\t<\/div>\n\t\t\t\t\t<\/div>\n\t\t<\/div>\n\t\t\t\t\t<\/div>\n\t\t<\/section>\n\t\t\t\t<section class=\"elementor-section elementor-top-section elementor-element elementor-element-62f5e16 elementor-section-boxed elementor-section-height-default elementor-section-height-default\" data-id=\"62f5e16\" data-element_type=\"section\">\n\t\t\t\t\t\t<div class=\"elementor-container elementor-column-gap-default\">\n\t\t\t\t\t<div class=\"elementor-column elementor-col-100 elementor-top-column elementor-element elementor-element-00003eb\" data-id=\"00003eb\" data-element_type=\"column\">\n\t\t\t<div class=\"elementor-widget-wrap elementor-element-populated\">\n\t\t\t\t\t\t<div class=\"elementor-element elementor-element-f71a2b2 elementor-widget__width-initial elementor-widget elementor-widget-heading\" data-id=\"f71a2b2\" data-element_type=\"widget\" data-widget_type=\"heading.default\">\n\t\t\t\t<div class=\"elementor-widget-container\">\n\t\t\t<h2 class=\"elementor-heading-title elementor-size-default\">\u00das de marques de tercers<\/h2>\t\t<\/div>\n\t\t\t\t<\/div>\n\t\t\t\t<div class=\"elementor-element elementor-element-d8cfd25 elementor-widget elementor-widget-text-editor\" data-id=\"d8cfd25\" data-element_type=\"widget\" data-widget_type=\"text-editor.default\">\n\t\t\t\t<div class=\"elementor-widget-container\">\n\t\t\t\t\t\t\tEl Lloc pot contenir elements de terceres parts com s\u00f3n imatges, adreces\nweb, noms de marques, anuncis, logos i altres materials, tot aix\u00f2 usat dins del\nLloc amb finalitats informatives i que en cap cas vinculen a REALITY TELLING amb\naquestes terceres parts.\n<\/br><\/br>\nEn cas que aquests elements tinguin copyright, registre de marca o\nqualsevol reserva de la propietat, REALITY TELLING no reclama en absolut\npropietat sobre aquests elements de terceres parts. A m\u00e9s, REALITY TELLING no\nes fa responsable de l&#8217;\u00fas inadequat que puguin fer terceres persones respecte\na aquestes marques.\t\t\t\t\t\t<\/div>\n\t\t\t\t<\/div>\n\t\t\t\t\t<\/div>\n\t\t<\/div>\n\t\t\t\t\t<\/div>\n\t\t<\/section>\n\t\t\t\t<section class=\"elementor-section elementor-top-section elementor-element elementor-element-1de5145 elementor-section-boxed elementor-section-height-default elementor-section-height-default\" data-id=\"1de5145\" data-element_type=\"section\">\n\t\t\t\t\t\t<div class=\"elementor-container elementor-column-gap-default\">\n\t\t\t\t\t<div class=\"elementor-column elementor-col-100 elementor-top-column elementor-element elementor-element-32cb275\" data-id=\"32cb275\" data-element_type=\"column\">\n\t\t\t<div class=\"elementor-widget-wrap elementor-element-populated\">\n\t\t\t\t\t\t<div class=\"elementor-element elementor-element-8f42114 elementor-widget__width-initial elementor-widget elementor-widget-heading\" data-id=\"8f42114\" data-element_type=\"widget\" data-widget_type=\"heading.default\">\n\t\t\t\t<div class=\"elementor-widget-container\">\n\t\t\t<h2 class=\"elementor-heading-title elementor-size-default\">Enlla\u00e7os<\/h2>\t\t<\/div>\n\t\t\t\t<\/div>\n\t\t\t\t<div class=\"elementor-element elementor-element-124aff5 elementor-widget elementor-widget-text-editor\" data-id=\"124aff5\" data-element_type=\"widget\" data-widget_type=\"text-editor.default\">\n\t\t\t\t<div class=\"elementor-widget-container\">\n\t\t\t\t\t\t\tEl titular de REALITY TELLING no es fa responsable d&#8217;aquelles altres dades, llocs\nweb o fitxers als quals sigui possible accedir a trav\u00e9s d&#8217;enlla\u00e7os (links) disponibles\nentre els seus continguts, at\u00e8s que aquestes p\u00e0gines o fitxers objecte d&#8217;enlla\u00e7 s\u00f3n\nresponsabilitat dels titulars respectius. REALITY TELLING ni aprova, ni es fa\nresponsable, ni assumeix com a seus els productes, serveis, continguts, informaci\u00f3,\ndades, fitxers i qualsevol classe de material existent en aquestes p\u00e0gines web o fitxers,\nni tampoc es fa responsable de la qualitat, fiabilitat i utilitat de la informaci\u00f3,\ncontinguts, dades i serveis existents als llocs enlla\u00e7ats aliens a aquesta p\u00e0gina.\nREALITY TELLING retiraria immediatament els enlla\u00e7os a un tercer aix\u00ed que un\n\u00f2rgan competent declar\u00e9s la il\u00b7licitud de les dades o s&#8217;hagu\u00e9s declarat la\nexist\u00e8ncia de lesi\u00f3 i es notifiqu\u00e9s expressament amb la corresponent resoluci\u00f3 al\ntitular de REALITY TELLING.\t\t\t\t\t\t<\/div>\n\t\t\t\t<\/div>\n\t\t\t\t\t<\/div>\n\t\t<\/div>\n\t\t\t\t\t<\/div>\n\t\t<\/section>\n\t\t\t\t<section class=\"elementor-section elementor-top-section elementor-element elementor-element-543c7d5 elementor-section-boxed elementor-section-height-default elementor-section-height-default\" data-id=\"543c7d5\" data-element_type=\"section\">\n\t\t\t\t\t\t<div class=\"elementor-container elementor-column-gap-default\">\n\t\t\t\t\t<div class=\"elementor-column elementor-col-100 elementor-top-column elementor-element elementor-element-3926230\" data-id=\"3926230\" data-element_type=\"column\">\n\t\t\t<div class=\"elementor-widget-wrap elementor-element-populated\">\n\t\t\t\t\t\t<div class=\"elementor-element elementor-element-2131e69 elementor-widget__width-initial elementor-widget elementor-widget-heading\" data-id=\"2131e69\" data-element_type=\"widget\" data-widget_type=\"heading.default\">\n\t\t\t\t<div class=\"elementor-widget-container\">\n\t\t\t<h2 class=\"elementor-heading-title elementor-size-default\">Delimitaci\u00f3 de responsabilitat<\/h2>\t\t<\/div>\n\t\t\t\t<\/div>\n\t\t\t\t<div class=\"elementor-element elementor-element-fd1025c elementor-widget elementor-widget-text-editor\" data-id=\"fd1025c\" data-element_type=\"widget\" data-widget_type=\"text-editor.default\">\n\t\t\t\t<div class=\"elementor-widget-container\">\n\t\t\t\t\t\t\tL&#8217;\u00fas de REALITY TELLING i de les informacions que mostra s\u00f3n completament a\ncompte i risc de l&#8217;usuari.\n<\/br><\/br>\nEl titular de REALITY TELLING no es fa en absolut responsable que el servei\nofert estigui lliure d&#8217;errors, d&#8217;interrupcions del servei, aix\u00ed com tampoc\nresponsabilitza de les interpretacions que l&#8217;Usuari o terceres parts facin de la\ninformaci\u00f3 mostrada a REALITY TELLING.\n<\/br><\/br>\nEn cap concepte el titular de REALITY TELLING ser\u00e0 imputable per part del\nUsuari o de terceres parts per danys i perjudicis, directes o indirectes, que siguin\nfruit de l\u00fas de la informaci\u00f3 mostrada en aquest lloc.\n<\/br><\/br>\nREALITY TELLING mostra els elements d&#8217;informaci\u00f3 tal com s&#8217;han calculat,\nsense garantir la seva exactitud ni fiabilitat de manera absoluta. La delimitaci\u00f3 conjunta\nm\u00e0xima de responsabilitat queda fitada per aquells Usuaris que disposen de\nun compte de pagament a l&#8217;import pagat per accedir a REALITY TELLING.\t\t\t\t\t\t<\/div>\n\t\t\t\t<\/div>\n\t\t\t\t\t<\/div>\n\t\t<\/div>\n\t\t\t\t\t<\/div>\n\t\t<\/section>\n\t\t\t\t<section class=\"elementor-section elementor-top-section elementor-element elementor-element-c94a3d7 elementor-section-boxed elementor-section-height-default elementor-section-height-default\" data-id=\"c94a3d7\" data-element_type=\"section\">\n\t\t\t\t\t\t<div class=\"elementor-container elementor-column-gap-default\">\n\t\t\t\t\t<div class=\"elementor-column elementor-col-100 elementor-top-column elementor-element elementor-element-9bbd93b\" data-id=\"9bbd93b\" data-element_type=\"column\">\n\t\t\t<div class=\"elementor-widget-wrap elementor-element-populated\">\n\t\t\t\t\t\t<div class=\"elementor-element elementor-element-882b3db elementor-widget__width-initial elementor-widget elementor-widget-heading\" data-id=\"882b3db\" data-element_type=\"widget\" data-widget_type=\"heading.default\">\n\t\t\t\t<div class=\"elementor-widget-container\">\n\t\t\t<h2 class=\"elementor-heading-title elementor-size-default\">Legislaci\u00f3 i jurisdicci\u00f3 aplicable<\/h2>\t\t<\/div>\n\t\t\t\t<\/div>\n\t\t\t\t<div class=\"elementor-element elementor-element-76655ac elementor-widget elementor-widget-text-editor\" data-id=\"76655ac\" data-element_type=\"widget\" data-widget_type=\"text-editor.default\">\n\t\t\t\t<div class=\"elementor-widget-container\">\n\t\t\t\t\t\t\tPer a qualsevol disputa legal, aplicar\u00e0 la legislaci\u00f3 espanyola, sent competents per a\nla resoluci\u00f3 de tots els conflictes derivats o relacionats amb l\u00fas daquesta p\u00e0gina\nweb, els Jutjats i Tribunals de Barcelona.\t\t\t\t\t\t<\/div>\n\t\t\t\t<\/div>\n\t\t\t\t\t<\/div>\n\t\t<\/div>\n\t\t\t\t\t<\/div>\n\t\t<\/section>\n\t\t\t\t<section class=\"elementor-section elementor-top-section elementor-element elementor-element-a30fe37 elementor-section-boxed elementor-section-height-default elementor-section-height-default\" data-id=\"a30fe37\" data-element_type=\"section\">\n\t\t\t\t\t\t<div class=\"elementor-container elementor-column-gap-default\">\n\t\t\t\t\t<div class=\"elementor-column elementor-col-100 elementor-top-column elementor-element elementor-element-31e743f\" data-id=\"31e743f\" data-element_type=\"column\">\n\t\t\t<div class=\"elementor-widget-wrap elementor-element-populated\">\n\t\t\t\t\t\t<div class=\"elementor-element elementor-element-6fa1cff elementor-widget__width-initial elementor-widget elementor-widget-heading\" data-id=\"6fa1cff\" data-element_type=\"widget\" data-widget_type=\"heading.default\">\n\t\t\t\t<div class=\"elementor-widget-container\">\n\t\t\t<h2 class=\"elementor-heading-title elementor-size-default\">Pol\u00edtica de privadesa<\/h2>\t\t<\/div>\n\t\t\t\t<\/div>\n\t\t\t\t<div class=\"elementor-element elementor-element-c5d6113 elementor-widget elementor-widget-text-editor\" data-id=\"c5d6113\" data-element_type=\"widget\" data-widget_type=\"text-editor.default\">\n\t\t\t\t<div class=\"elementor-widget-container\">\n\t\t\t\t\t\t\t<p>En qualsevol moment podreu exercitar els vostres drets d&#8217;acc\u00e9s, rectificaci\u00f3, cancel\u00b7laci\u00f3 i oposici\u00f3 mitjan\u00e7ant sol\u00b7licitud per escrit amb la refer\u00e8ncia \u201cTutel\u00b7la i Drets LOPD\u201d dirigida a REALITY TELLING, SL, Carrer de la Ribera 14, 1r 2a, 08003 Barcelona o b\u00e9 a la adre\u00e7a de correu electr\u00f2nic seg\u00fcent: <a href=\"mailto:info@realitytelling.com\">info@realitytelling.com<\/a> \n<\/br><\/br>Si no rebeu instruccions vostres en contra en el termini d&#8217;un mes, entendrem que consenteix l&#8217;\u00fas de les vostres dades amb la finalitat d&#8217;inscripci\u00f3 i informaci\u00f3 relacionada amb el servei que se us est\u00e0 facilitant.<\/p>\t\t\t\t\t\t<\/div>\n\t\t\t\t<\/div>\n\t\t\t\t\t<\/div>\n\t\t<\/div>\n\t\t\t\t\t<\/div>\n\t\t<\/section>\n\t\t\t\t<\/div>\n\t\t","protected":false},"excerpt":{"rendered":"<p>Termes i condicions REALITY TELLING SL (d&#8217;ara endavant REALITY TELLING), \u00e9s un lloc propietat de REALITY TELLING SL, empresa amb seu a Espa\u00f1a, que ho administra i actua com titular del mateix. Mitjan\u00e7ant l&#8217;\u00fas del Lloc, que inclou visualitzar, descarregar informaci\u00f3 o accedir al Lloc, els visitants es comprometen a acceptar i complir les condicions [&hellip;]<\/p>\n","protected":false},"author":1,"featured_media":0,"parent":0,"menu_order":0,"comment_status":"closed","ping_status":"closed","template":"elementor_header_footer","meta":{"_monsterinsights_skip_tracking":false,"_monsterinsights_sitenote_active":false,"_monsterinsights_sitenote_note":"","_monsterinsights_sitenote_category":0,"footnotes":""},"class_list":["post-3320","page","type-page","status-publish","hentry"],"_links":{"self":[{"href":"https:\/\/realitytelling.com\/ca\/wp-json\/wp\/v2\/pages\/3320","targetHints":{"allow":["GET"]}}],"collection":[{"href":"https:\/\/realitytelling.com\/ca\/wp-json\/wp\/v2\/pages"}],"about":[{"href":"https:\/\/realitytelling.com\/ca\/wp-json\/wp\/v2\/types\/page"}],"author":[{"embeddable":true,"href":"https:\/\/realitytelling.com\/ca\/wp-json\/wp\/v2\/users\/1"}],"replies":[{"embeddable":true,"href":"https:\/\/realitytelling.com\/ca\/wp-json\/wp\/v2\/comments?post=3320"}],"version-history":[{"count":4,"href":"https:\/\/realitytelling.com\/ca\/wp-json\/wp\/v2\/pages\/3320\/revisions"}],"predecessor-version":[{"id":3447,"href":"https:\/\/realitytelling.com\/ca\/wp-json\/wp\/v2\/pages\/3320\/revisions\/3447"}],"wp:attachment":[{"href":"https:\/\/realitytelling.com\/ca\/wp-json\/wp\/v2\/media?parent=3320"}],"curies":[{"name":"wp","href":"https:\/\/api.w.org\/{rel}","templated":true}]}}