{"id":3305,"date":"2023-04-20T09:42:01","date_gmt":"2023-04-20T09:42:01","guid":{"rendered":"https:\/\/realitytelling.com\/estudis\/"},"modified":"2023-11-27T10:12:48","modified_gmt":"2023-11-27T10:12:48","slug":"estudis","status":"publish","type":"page","link":"https:\/\/realitytelling.com\/ca\/estudis\/","title":{"rendered":"Estudis"},"content":{"rendered":"\t\t<div data-elementor-type=\"wp-page\" data-elementor-id=\"3305\" class=\"elementor elementor-3305 elementor-2283\">\n\t\t\t\t\t\t<section class=\"elementor-section elementor-top-section elementor-element elementor-element-1e7db6bf elementor-section-stretched elementor-section-content-middle elementor-section-height-full elementor-section-boxed elementor-section-height-default elementor-section-items-middle\" data-id=\"1e7db6bf\" data-element_type=\"section\" data-settings=\"{&quot;stretch_section&quot;:&quot;section-stretched&quot;,&quot;background_background&quot;:&quot;classic&quot;}\">\n\t\t\t\t\t\t\t<div class=\"elementor-background-overlay\"><\/div>\n\t\t\t\t\t\t\t<div class=\"elementor-container elementor-column-gap-wide\">\n\t\t\t\t\t<div class=\"elementor-column elementor-col-100 elementor-top-column elementor-element elementor-element-d3fe1cf\" data-id=\"d3fe1cf\" data-element_type=\"column\">\n\t\t\t<div class=\"elementor-widget-wrap elementor-element-populated\">\n\t\t\t\t\t\t<div class=\"elementor-element elementor-element-2367610f animated-slow elementor-widget__width-initial elementor-invisible elementor-widget elementor-widget-heading\" data-id=\"2367610f\" data-element_type=\"widget\" data-settings=\"{&quot;_animation&quot;:&quot;fadeIn&quot;}\" data-widget_type=\"heading.default\">\n\t\t\t\t<div class=\"elementor-widget-container\">\n\t\t\t<style>\/*! elementor - v3.23.0 - 05-08-2024 *\/\n.elementor-heading-title{padding:0;margin:0;line-height:1}.elementor-widget-heading .elementor-heading-title[class*=elementor-size-]>a{color:inherit;font-size:inherit;line-height:inherit}.elementor-widget-heading .elementor-heading-title.elementor-size-small{font-size:15px}.elementor-widget-heading .elementor-heading-title.elementor-size-medium{font-size:19px}.elementor-widget-heading .elementor-heading-title.elementor-size-large{font-size:29px}.elementor-widget-heading .elementor-heading-title.elementor-size-xl{font-size:39px}.elementor-widget-heading .elementor-heading-title.elementor-size-xxl{font-size:59px}<\/style><h1 class=\"elementor-heading-title elementor-size-default\">Estudis que avalen el nostre projecte<\/h1>\t\t<\/div>\n\t\t\t\t<\/div>\n\t\t\t\t\t<\/div>\n\t\t<\/div>\n\t\t\t\t\t<\/div>\n\t\t<\/section>\n\t\t\t\t<section class=\"elementor-section elementor-top-section elementor-element elementor-element-d1bb3d3 elementor-section-boxed elementor-section-height-default elementor-section-height-default\" data-id=\"d1bb3d3\" data-element_type=\"section\">\n\t\t\t\t\t\t<div class=\"elementor-container elementor-column-gap-default\">\n\t\t\t\t\t<div class=\"elementor-column elementor-col-100 elementor-top-column elementor-element elementor-element-c27e29a\" data-id=\"c27e29a\" data-element_type=\"column\">\n\t\t\t<div class=\"elementor-widget-wrap elementor-element-populated\">\n\t\t\t\t\t\t<div class=\"elementor-element elementor-element-5c13b09 elementor-view-default elementor-widget elementor-widget-icon\" data-id=\"5c13b09\" data-element_type=\"widget\" data-widget_type=\"icon.default\">\n\t\t\t\t<div class=\"elementor-widget-container\">\n\t\t\t\t\t<div class=\"elementor-icon-wrapper\">\n\t\t\t<a class=\"elementor-icon\" href=\"#estudis\">\n\t\t\t<i aria-hidden=\"true\" class=\"fas fa-arrow-down\"><\/i>\t\t\t<\/a>\n\t\t<\/div>\n\t\t\t\t<\/div>\n\t\t\t\t<\/div>\n\t\t\t\t\t<\/div>\n\t\t<\/div>\n\t\t\t\t\t<\/div>\n\t\t<\/section>\n\t\t\t\t<section class=\"elementor-section elementor-top-section elementor-element elementor-element-111e0c1 elementor-section-boxed elementor-section-height-default elementor-section-height-default\" data-id=\"111e0c1\" data-element_type=\"section\" id=\"estudios\">\n\t\t\t\t\t\t<div class=\"elementor-container elementor-column-gap-default\">\n\t\t\t\t\t<div class=\"elementor-column elementor-col-100 elementor-top-column elementor-element elementor-element-0b9bd0b\" data-id=\"0b9bd0b\" data-element_type=\"column\">\n\t\t\t<div class=\"elementor-widget-wrap elementor-element-populated\">\n\t\t\t\t\t\t<div class=\"elementor-element elementor-element-4788397 elementor-widget__width-initial elementor-widget elementor-widget-heading\" data-id=\"4788397\" data-element_type=\"widget\" data-widget_type=\"heading.default\">\n\t\t\t\t<div class=\"elementor-widget-container\">\n\t\t\t<h2 class=\"elementor-heading-title elementor-size-default\">Disminuci\u00f3 de l'ansietat i el PTSD amb les exposicions a contactes socials i naturals.<\/h2>\t\t<\/div>\n\t\t\t\t<\/div>\n\t\t\t\t<div class=\"elementor-element elementor-element-2815c91 elementor-widget__width-initial estudios elementor-widget elementor-widget-text-editor\" data-id=\"2815c91\" data-element_type=\"widget\" data-widget_type=\"text-editor.default\">\n\t\t\t\t<div class=\"elementor-widget-container\">\n\t\t\t<style>\/*! elementor - v3.23.0 - 05-08-2024 *\/\n.elementor-widget-text-editor.elementor-drop-cap-view-stacked .elementor-drop-cap{background-color:#69727d;color:#fff}.elementor-widget-text-editor.elementor-drop-cap-view-framed .elementor-drop-cap{color:#69727d;border:3px solid;background-color:transparent}.elementor-widget-text-editor:not(.elementor-drop-cap-view-default) .elementor-drop-cap{margin-top:8px}.elementor-widget-text-editor:not(.elementor-drop-cap-view-default) .elementor-drop-cap-letter{width:1em;height:1em}.elementor-widget-text-editor .elementor-drop-cap{float:left;text-align:center;line-height:1;font-size:50px}.elementor-widget-text-editor .elementor-drop-cap-letter{display:inline-block}<\/style>\t\t\t\t<ul>\n<li>\n<p>Projecte HU-CI. <a href=\"https:\/\/proyectohuci.com\/es\/buenas-practicas\/\" target=\"_blank\" rel=\"noopener\">Manual de Bones Pr\u00e0ctiques d&#8217;Humanitzaci\u00f3 a UCI<\/a> . (2022)<\/p>\n<\/li>\n<li>\n<p>Vela F, Ruiz D, Granat J, Garcia-Sanz A, Ortega M, Marin-Corral J. <a href=\"https:\/\/www.ncbi.nlm.nih.gov\/pmc\/articles\/PMC7997386\/\" target=\"_blank\" rel=\"noopener\">En resposta a perspectives dels professionals d&#8217;infermeria de cures intensives sobre les visites obertes a una UCI<\/a> . (2022)<\/p>\n<\/li>\n<li>\n<p>Mar\u00ed-Corral J, Sanz-Garcia A, Masclans JR. <a href=\"https:\/\/pubmed.ncbi.nlm.nih.gov\/33069722\/\" target=\"_blank\" rel=\"noopener\">Humanizing ICU coronavirus Disease Care<\/a> . (2021)<\/p>\n<\/li>\n<li>\n<p>Ige\u00f1o-Cano JC.  <a href=\"https:\/\/pubmed.ncbi.nlm.nih.gov\/31690465\/\" target=\"_blank\" rel=\"noopener\">Benefits walks in the outdoors gardens of the hospital in critically ill patients, relatives and professionals.<\/a>  (2020)<\/p>\n<\/li>\n<li>\n<p>Rosa RG, Tonietto TF, da Silva DB, et al.  <a href=\"https:\/\/pubmed.ncbi.nlm.nih.gov\/28671901\/\" target=\"_blank\" rel=\"noopener\">Effectiveness and Safety of an Extended ICU Visitation Model for Delirium Prevention: A Before and After Study. Crit Care Med.<\/a>  (2017)<\/p>\n<\/li>\n<li>\n<p>Nieuwenhuijsen MJ, Khreis H, Triguero-Mas M, Gascon M and Dadvand P.  <a href=\"https:\/\/pubmed.ncbi.nlm.nih.gov\/27525811\/\" target=\"_blank\" rel=\"noopener\">Fifty shades of Green. Pathway to healthy urban living<\/a>. (2017)<\/p>\n<\/li>\n<li>\n<p>Gascon M, Zijlema W, Vert C, White MP, Nieuwenhuijsen MJ.  <a href=\"https:\/\/pubmed.ncbi.nlm.nih.gov\/28843736\/\" target=\"_blank\" rel=\"noopener\">Outdoor blue spaces, human health and well-being: systematic review of quantitative studies.<\/a>  (2017)<\/p>\n<\/li>\n<li>\n<p>Schweickert WD, Pohlman MC, Pohlman AS, et al.  <a href=\"https:\/\/www.sciencedirect.com\/science\/article\/abs\/pii\/S0140673609606589\" target=\"_blank\" rel=\"noopener\">Early physical and occupational therapy in mechanically ventilated, critically ill patients: a randomised controlled trial.<\/a>  (2009)<\/p>\n<\/li>\n<li>\n<p>McAdam JL, Punt K.  <a href=\"https:\/\/pubmed.ncbi.nlm.nih.gov\/19411580\/\" target=\"_blank\" rel=\"noopener\">Symptoms experienced by family members of patients in intensive care units. Am J Crit Care.<\/a>  (2009)<\/p>\n<\/li>\n<li>\n<p>Seplaki CL, Goldman N, Weinstein M, Lin YH. <a href=\"https:\/\/pubmed.ncbi.nlm.nih.gov\/15031304\/\" target=\"_blank\" rel=\"noopener\">How are biomarkers related to physical and mental well-being?<\/a> . (2004)<\/p>\n<\/li>\n<li>\n<p>Ulrich RS. <a href=\"https:\/\/pubmed.ncbi.nlm.nih.gov\/6143402\/\" target=\"_blank\" rel=\"noopener\">View through a window mai influence recovery from surgery<\/a> . (1983)<\/p>\n<\/li>\n<li>\n<p>Zigmond AS Snaith RP.  <a href=\"https:\/\/pubmed.ncbi.nlm.nih.gov\/6880820\/\" target=\"_blank\" rel=\"noopener\">The Hospital Anxiet and Depression Scale. Acta Psychiatry Scand<\/a>  (1983)<\/p>\n<\/li>\n<\/ul>\n\t\t\t\t\t\t<\/div>\n\t\t\t\t<\/div>\n\t\t\t\t\t<\/div>\n\t\t<\/div>\n\t\t\t\t\t<\/div>\n\t\t<\/section>\n\t\t\t\t<section class=\"elementor-section elementor-top-section elementor-element elementor-element-5f17997 elementor-section-boxed elementor-section-height-default elementor-section-height-default\" data-id=\"5f17997\" data-element_type=\"section\">\n\t\t\t\t\t\t<div class=\"elementor-container elementor-column-gap-default\">\n\t\t\t\t\t<div class=\"elementor-column elementor-col-100 elementor-top-column elementor-element elementor-element-f013c02\" data-id=\"f013c02\" data-element_type=\"column\">\n\t\t\t<div class=\"elementor-widget-wrap elementor-element-populated\">\n\t\t\t\t\t\t<div class=\"elementor-element elementor-element-45f43fd elementor-widget__width-initial elementor-widget elementor-widget-heading\" data-id=\"45f43fd\" data-element_type=\"widget\" data-widget_type=\"heading.default\">\n\t\t\t\t<div class=\"elementor-widget-container\">\n\t\t\t<h2 class=\"elementor-heading-title elementor-size-default\">\u00das d'experi\u00e8ncies VR per disminuir ansietat i ajudar el benestar emocional dels pacients<\/h2>\t\t<\/div>\n\t\t\t\t<\/div>\n\t\t\t\t<div class=\"elementor-element elementor-element-01e3045 elementor-widget__width-initial estudios elementor-widget elementor-widget-text-editor\" data-id=\"01e3045\" data-element_type=\"widget\" data-widget_type=\"text-editor.default\">\n\t\t\t\t<div class=\"elementor-widget-container\">\n\t\t\t\t\t\t\t<ul>\n<li>\n<p>Raphael rom\u00e0 Bruno et al. <a href=\"https:\/\/ccforum.biomedcentral.com\/articles\/10.1186\/s13054-022-04202-x\" target=\"_blank\" rel=\"noopener\">Virtual i augmenti reality in critical care medicine: patients, clinicians, i researchers perspective.<\/a> (2022)<\/p>\n<\/li>\n<li>\n<p>Floriane Resseaux et al. <a href=\"https:\/\/www.ncbi.nlm.nih.gov\/pmc\/articles\/PMC8654253\/\" target=\"_blank\" rel=\"noopener\">Virtual reality and hypnosis for anxiet and pain management in intensive care units<\/a> . (2021)<\/p>\n<\/li>\n<li>\n<p>Hunter G Hoffman et al. <a href=\"https:\/\/pubmed.ncbi.nlm.nih.gov\/21264690\/\" target=\"_blank\" rel=\"noopener\">Virtual Reality as Adjunctive Non-pharmacologic Analgesic for Acute Pain in the Emergency Department: Systematic Review and Meta-analysis<\/a> ( 2021)<\/p>\n<\/li>\n<li>\n<p>Oncology Nursing Forum. <a href=\"https:\/\/pubmed.ncbi.nlm.nih.gov\/29947355\/\" target=\"_blank\" rel=\"noopener\">Use of Virtual Reality to Distract From Pain and Anxiety<\/a> . (2018)<\/p>\n<\/li>\n<li>\n<p>Brennan Mr Spiegel. <a href=\"https:\/\/pubmed.ncbi.nlm.nih.gov\/29764343\/\" target=\"_blank\" rel=\"noopener\">How virtual reality is easing pain, calming nervs and improving health<\/a> . (2018)<\/p>\n<\/li>\n<li>\n<p>Maples-Keller, Jessica L. PhD; Bunnell, Brian I. PhD; Kim, Sae-Jin BA; Rothbaum, Barbara O. PhD.<a href=\"https:\/\/journals.lww.com\/hrpjournal\/Abstract\/2017\/05000\/The_Use_of_Virtual_Reality_Technology_in_the.3.aspx\" target=\"_blank\" rel=\"noopener\">  Utilitzeu virtual technology reality en el tractament d&#8217;anxiety i altres psychiatric disorders.<\/a>  (2017)<\/p>\n<\/li>\n<li>\n<p>Bernie Garrett, T\u00e0rnia Taverner, Wendy Masinde, Diane Gromala, Chris Shaw, Michael Negraeff.  <a href=\"https:\/\/pubmed.ncbi.nlm.nih.gov\/24535053\/\" target=\"_blank\" rel=\"noopener\">A rapid evid\u00e8ncia assessment of immersive virtual reality s&#8217;adjunta la ter\u00e0pia en l&#8217;acute pain management in clinical practice.<\/a>  ( 2014)<\/p>\n<\/li>\n<\/ul>\n\t\t\t\t\t\t<\/div>\n\t\t\t\t<\/div>\n\t\t\t\t\t<\/div>\n\t\t<\/div>\n\t\t\t\t\t<\/div>\n\t\t<\/section>\n\t\t\t\t<section class=\"elementor-section elementor-top-section elementor-element elementor-element-7ef898f elementor-section-boxed elementor-section-height-default elementor-section-height-default\" data-id=\"7ef898f\" data-element_type=\"section\">\n\t\t\t\t\t\t<div class=\"elementor-container elementor-column-gap-default\">\n\t\t\t\t\t<div class=\"elementor-column elementor-col-100 elementor-top-column elementor-element elementor-element-dbe02c9\" data-id=\"dbe02c9\" data-element_type=\"column\">\n\t\t\t<div class=\"elementor-widget-wrap elementor-element-populated\">\n\t\t\t\t\t\t<div class=\"elementor-element elementor-element-991c8a7 elementor-widget__width-initial elementor-widget elementor-widget-heading\" data-id=\"991c8a7\" data-element_type=\"widget\" data-widget_type=\"heading.default\">\n\t\t\t\t<div class=\"elementor-widget-container\">\n\t\t\t<h2 class=\"elementor-heading-title elementor-size-default\">\u00das d'experi\u00e8ncies VR en rehabilitaci\u00f3<\/h2>\t\t<\/div>\n\t\t\t\t<\/div>\n\t\t\t\t<div class=\"elementor-element elementor-element-7243bee elementor-widget__width-initial estudios elementor-widget elementor-widget-text-editor\" data-id=\"7243bee\" data-element_type=\"widget\" data-widget_type=\"text-editor.default\">\n\t\t\t\t<div class=\"elementor-widget-container\">\n\t\t\t\t\t\t\t<ul>\n<li>\n<p>Destaw Bayabil Mekbib, Jiawei Han.  <a href=\"https:\/\/www.researchgate.net\/publication\/339312941_Virtual_reality_therapy_for_upper_limb_rehabilitation_in_patients_with_stroke_a_meta-analysis_of_randomized_clinical_trials\" target=\"_blank\" rel=\"noopener\">Virtual reality ter\u00e0pia per una mica de rehabilitaci\u00f3 en pacients per damunt: a meta-analysis de randomized clinical trials.<\/a>  ( 2020)<\/p>\n<\/li>\n<li>\n<p>Kim WS, Cho S, Ku J, Kim I, Llegeix K, Hwang HJ, Paik NJ.J Clin Med.  <a href=\"https:\/\/pubmed.ncbi.nlm.nih.gov\/33096678\/\" target=\"_blank\" rel=\"noopener\">Clinical Application of Virtual Reality for Upper Limb Motor Rehabilitation in Stroke: Review of Technologies and Clinical Evidence.<\/a>  (2020)<\/p>\n<\/li>\n<li>\n<p>Levin MF, Knaut LA, Magdalon EC, Subramanian S. <a href=\"https:\/\/www.researchgate.net\/publication\/26661727_Virtual_reality_environments_to_enhance_upper_limb_functional_recovery_in_patients_with_hemiparesis\" target=\"_blank\" rel=\"noopener\">Virtual reality environments to enhance upper limb functional recovery in patients with hemiparesis<\/a> . (2009)<\/p>\n<\/li>\n<li>\n<p>Levin MF, Weiss PL, Keshner EA.Phys Ther. <a href=\"https:\/\/www.ncbi.nlm.nih.gov\/pmc\/articles\/PMC4348716\/\" target=\"_blank\" rel=\"noopener\">Emerg\u00e8ncia de virtual reality \u00e9s a tool per a la m\u00e0xima rehabilitaci\u00f3: incorporaci\u00f3 de motor de control i motor d&#8217;aprenentatge<\/a> . (2015)<\/p>\n<\/p>\n<\/li>\n<li>\n<p>Jang SH, You SH, Hallet M, Cho YW, Park CM, Cho SH, Llegeix HY, Kim TH. <a href=\"https:\/\/pubmed.ncbi.nlm.nih.gov\/16271575\/\" target=\"_blank\" rel=\"noopener\">Cortical reorganitzaci\u00f3 i associat functional motor recovery after virtual reality en patients amb troc de control: experimenter-blind preliminary study<\/a> . (2005)<\/p>\n<\/li>\n<li>\n<p>Sue Ann Sisto, Gail F Forrest, Diana Glendinning. <a href=\"https:\/\/pubmed.ncbi.nlm.nih.gov\/14523727\/\">Virtual reality applications for motor rehabilitation after stroke<\/a> (2002)<\/p>\n<\/li>\n<li>\n<p>Morganti F, Gaggioli A, Castelnuovo G, Bulla D, Vettorello M, Riva G. Cyberpsychol Behav. <a href=\"https:\/\/pubmed.ncbi.nlm.nih.gov\/14511455\/\" target=\"_blank\" rel=\"noopener\">Utilitzant la tecnologia-supported mental imagery in neurological rehabilitation: a research protocol<\/a> . (2003)<\/p>\n<\/li>\n<\/ul>\n\t\t\t\t\t\t<\/div>\n\t\t\t\t<\/div>\n\t\t\t\t\t<\/div>\n\t\t<\/div>\n\t\t\t\t\t<\/div>\n\t\t<\/section>\n\t\t\t\t<section class=\"elementor-section elementor-top-section elementor-element elementor-element-c424f5f elementor-section-boxed elementor-section-height-default elementor-section-height-default\" data-id=\"c424f5f\" data-element_type=\"section\">\n\t\t\t\t\t\t<div class=\"elementor-container elementor-column-gap-default\">\n\t\t\t\t\t<div class=\"elementor-column elementor-col-100 elementor-top-column elementor-element elementor-element-afee900 animated-fast elementor-invisible\" data-id=\"afee900\" data-element_type=\"column\" data-settings=\"{&quot;animation&quot;:&quot;slideInUp&quot;}\">\n\t\t\t<div class=\"elementor-widget-wrap elementor-element-populated\">\n\t\t\t\t\t\t<div class=\"elementor-element elementor-element-a21ba54 elementor-align-center elementor-widget elementor-widget-button\" data-id=\"a21ba54\" data-element_type=\"widget\" data-widget_type=\"button.default\">\n\t\t\t\t<div class=\"elementor-widget-container\">\n\t\t\t\t\t<div class=\"elementor-button-wrapper\">\n\t\t\t<a class=\"elementor-button elementor-button-link elementor-size-md\" href=\"https:\/\/realitytelling.com\/contacto\/#form\">\n\t\t\t\t\t\t<span class=\"elementor-button-content-wrapper\">\n\t\t\t\t\t\t\t\t\t<span class=\"elementor-button-text\">Parlem<\/span>\n\t\t\t\t\t<\/span>\n\t\t\t\t\t<\/a>\n\t\t<\/div>\n\t\t\t\t<\/div>\n\t\t\t\t<\/div>\n\t\t\t\t\t<\/div>\n\t\t<\/div>\n\t\t\t\t\t<\/div>\n\t\t<\/section>\n\t\t\t\t<\/div>\n\t\t","protected":false},"excerpt":{"rendered":"<p>Estudis que avalen el nostre projecte Disminuci\u00f3 de l&#8217;ansietat i el PTSD amb les exposicions a contactes socials i naturals. Projecte HU-CI. Manual de Bones Pr\u00e0ctiques d&#8217;Humanitzaci\u00f3 a UCI . (2022) Vela F, Ruiz D, Granat J, Garcia-Sanz A, Ortega M, Marin-Corral J. En resposta a perspectives dels professionals d&#8217;infermeria de cures intensives sobre les [&hellip;]<\/p>\n","protected":false},"author":1,"featured_media":0,"parent":0,"menu_order":0,"comment_status":"closed","ping_status":"closed","template":"elementor_header_footer","meta":{"_monsterinsights_skip_tracking":false,"_monsterinsights_sitenote_active":false,"_monsterinsights_sitenote_note":"","_monsterinsights_sitenote_category":0,"footnotes":""},"class_list":["post-3305","page","type-page","status-publish","hentry"],"_links":{"self":[{"href":"https:\/\/realitytelling.com\/ca\/wp-json\/wp\/v2\/pages\/3305","targetHints":{"allow":["GET"]}}],"collection":[{"href":"https:\/\/realitytelling.com\/ca\/wp-json\/wp\/v2\/pages"}],"about":[{"href":"https:\/\/realitytelling.com\/ca\/wp-json\/wp\/v2\/types\/page"}],"author":[{"embeddable":true,"href":"https:\/\/realitytelling.com\/ca\/wp-json\/wp\/v2\/users\/1"}],"replies":[{"embeddable":true,"href":"https:\/\/realitytelling.com\/ca\/wp-json\/wp\/v2\/comments?post=3305"}],"version-history":[{"count":2,"href":"https:\/\/realitytelling.com\/ca\/wp-json\/wp\/v2\/pages\/3305\/revisions"}],"predecessor-version":[{"id":3309,"href":"https:\/\/realitytelling.com\/ca\/wp-json\/wp\/v2\/pages\/3305\/revisions\/3309"}],"wp:attachment":[{"href":"https:\/\/realitytelling.com\/ca\/wp-json\/wp\/v2\/media?parent=3305"}],"curies":[{"name":"wp","href":"https:\/\/api.w.org\/{rel}","templated":true}]}}